{"id":2120,"date":"2015-09-18T18:04:10","date_gmt":"2015-09-18T16:04:10","guid":{"rendered":"https:\/\/jan-dusek.com\/?page_id=2120"},"modified":"2025-10-07T14:22:03","modified_gmt":"2025-10-07T12:22:03","slug":"compositions","status":"publish","type":"page","link":"https:\/\/jan-dusek.com\/en\/compositions\/","title":{"rendered":"Compositions"},"content":{"rendered":"\t\t<div data-elementor-type=\"wp-page\" data-elementor-id=\"2120\" class=\"elementor elementor-2120 elementor-218\" data-elementor-post-type=\"page\">\n\t\t\t\t\t\t<section class=\"elementor-section elementor-top-section elementor-element elementor-element-a27e541 elementor-section-full_width elementor-section-height-default elementor-section-height-default\" data-id=\"a27e541\" data-element_type=\"section\" data-e-type=\"section\">\n\t\t\t\t\t\t<div class=\"elementor-container elementor-column-gap-wider\">\n\t\t\t\t\t<div class=\"elementor-column elementor-col-50 elementor-top-column elementor-element elementor-element-412dbbf\" data-id=\"412dbbf\" data-element_type=\"column\" data-e-type=\"column\">\n\t\t\t<div class=\"elementor-widget-wrap elementor-element-populated\">\n\t\t\t\t\t\t<div class=\"elementor-element elementor-element-8df742d animated-slow elementor-hidden-desktop elementor-hidden-tablet elementor-invisible elementor-widget elementor-widget-heading\" data-id=\"8df742d\" data-element_type=\"widget\" data-e-type=\"widget\" data-settings=\"{&quot;sticky&quot;:&quot;top&quot;,&quot;_animation&quot;:&quot;fadeInLeft&quot;,&quot;sticky_on&quot;:[&quot;desktop&quot;,&quot;tablet&quot;,&quot;mobile&quot;],&quot;sticky_offset&quot;:0,&quot;sticky_effects_offset&quot;:0,&quot;sticky_anchor_link_offset&quot;:0}\" data-widget_type=\"heading.default\">\n\t\t\t\t<div class=\"elementor-widget-container\">\n\t\t\t\t\t<h2 class=\"elementor-heading-title elementor-size-default\">Compositions<\/h2>\t\t\t\t<\/div>\n\t\t\t\t<\/div>\n\t\t\t\t<div class=\"elementor-element elementor-element-d6a0ea3 animated-slow e-transform elementor-hidden-mobile elementor-invisible elementor-widget elementor-widget-heading\" data-id=\"d6a0ea3\" data-element_type=\"widget\" data-e-type=\"widget\" data-settings=\"{&quot;sticky&quot;:&quot;top&quot;,&quot;_animation&quot;:&quot;fadeInLeft&quot;,&quot;_transform_rotateZ_effect&quot;:{&quot;unit&quot;:&quot;px&quot;,&quot;size&quot;:90,&quot;sizes&quot;:[]},&quot;sticky_offset&quot;:150,&quot;sticky_on&quot;:[&quot;desktop&quot;,&quot;tablet&quot;,&quot;mobile&quot;],&quot;sticky_effects_offset&quot;:0,&quot;sticky_anchor_link_offset&quot;:0,&quot;_transform_rotateZ_effect_tablet&quot;:{&quot;unit&quot;:&quot;deg&quot;,&quot;size&quot;:&quot;&quot;,&quot;sizes&quot;:[]},&quot;_transform_rotateZ_effect_mobile&quot;:{&quot;unit&quot;:&quot;deg&quot;,&quot;size&quot;:&quot;&quot;,&quot;sizes&quot;:[]}}\" data-widget_type=\"heading.default\">\n\t\t\t\t<div class=\"elementor-widget-container\">\n\t\t\t\t\t<h2 class=\"elementor-heading-title elementor-size-default\">Compositions<\/h2>\t\t\t\t<\/div>\n\t\t\t\t<\/div>\n\t\t\t\t\t<\/div>\n\t\t<\/div>\n\t\t\t\t<div class=\"elementor-column elementor-col-50 elementor-top-column elementor-element elementor-element-53dcec1\" data-id=\"53dcec1\" data-element_type=\"column\" data-e-type=\"column\">\n\t\t\t<div class=\"elementor-widget-wrap elementor-element-populated\">\n\t\t\t\t\t\t<div class=\"elementor-element elementor-element-9ff377b elementor-widget elementor-widget-text-editor\" data-id=\"9ff377b\" data-element_type=\"widget\" data-e-type=\"widget\" data-widget_type=\"text-editor.default\">\n\t\t\t\t<div class=\"elementor-widget-container\">\n\t\t\t\t\t\t\t\t\t<p><strong style=\"font-family: var( --e-global-typography-text-font-family ), Sans-serif; font-size: var(--bodyfontsize); letter-spacing: var(--bodyletterspacing); text-transform: var(--bodytexttransform);\">The scores of the unpublished compositions are available free of charge via\u00a0<a href=\"http:\/\/www.imslp.org\/\" target=\"_blank\" rel=\"noopener noreferrer\">IMSLP.org<\/a>. Click on the composition&#8217;s&nbsp;title. Scores and parts for all works are available in printed form as well. Please, feel free to\u00a0<a href=\"http:\/\/www.jan-dusek.com\/kontakt\/\">contact me<\/a>.<\/strong><\/p><p><strong>NP =\u00a0<\/strong>The work has not been premiered publicly yet.<\/p>\t\t\t\t\t\t\t\t<\/div>\n\t\t\t\t<\/div>\n\t\t\t\t<div class=\"elementor-element elementor-element-c6f1804 elementor-tabs-view-vertical elementor-widget elementor-widget-tabs\" data-id=\"c6f1804\" data-element_type=\"widget\" data-e-type=\"widget\" data-widget_type=\"tabs.default\">\n\t\t\t\t<div class=\"elementor-widget-container\">\n\t\t\t\t\t\t\t<div class=\"elementor-tabs\">\n\t\t\t<div class=\"elementor-tabs-wrapper\" role=\"tablist\" >\n\t\t\t\t\t\t\t\t\t<div id=\"elementor-tab-title-2081\" class=\"elementor-tab-title elementor-tab-desktop-title\" aria-selected=\"true\" data-tab=\"1\" role=\"tab\" tabindex=\"0\" aria-controls=\"elementor-tab-content-2081\" aria-expanded=\"false\">Solo<\/div>\n\t\t\t\t\t\t\t\t\t<div id=\"elementor-tab-title-2082\" class=\"elementor-tab-title elementor-tab-desktop-title\" aria-selected=\"false\" data-tab=\"2\" role=\"tab\" tabindex=\"-1\" aria-controls=\"elementor-tab-content-2082\" aria-expanded=\"false\">Chamber<\/div>\n\t\t\t\t\t\t\t\t\t<div id=\"elementor-tab-title-2083\" class=\"elementor-tab-title elementor-tab-desktop-title\" aria-selected=\"false\" data-tab=\"3\" role=\"tab\" tabindex=\"-1\" aria-controls=\"elementor-tab-content-2083\" aria-expanded=\"false\">Vocal<\/div>\n\t\t\t\t\t\t\t\t\t<div id=\"elementor-tab-title-2084\" class=\"elementor-tab-title elementor-tab-desktop-title\" aria-selected=\"false\" data-tab=\"4\" role=\"tab\" tabindex=\"-1\" aria-controls=\"elementor-tab-content-2084\" aria-expanded=\"false\">Melodramas<\/div>\n\t\t\t\t\t\t\t\t\t<div id=\"elementor-tab-title-2085\" class=\"elementor-tab-title elementor-tab-desktop-title\" aria-selected=\"false\" data-tab=\"5\" role=\"tab\" tabindex=\"-1\" aria-controls=\"elementor-tab-content-2085\" aria-expanded=\"false\">Orchestral<\/div>\n\t\t\t\t\t\t\t\t\t<div id=\"elementor-tab-title-2086\" class=\"elementor-tab-title elementor-tab-desktop-title\" aria-selected=\"false\" data-tab=\"6\" role=\"tab\" tabindex=\"-1\" aria-controls=\"elementor-tab-content-2086\" aria-expanded=\"false\">Concertant<\/div>\n\t\t\t\t\t\t\t\t\t<div id=\"elementor-tab-title-2087\" class=\"elementor-tab-title elementor-tab-desktop-title\" aria-selected=\"false\" data-tab=\"7\" role=\"tab\" tabindex=\"-1\" aria-controls=\"elementor-tab-content-2087\" aria-expanded=\"false\">Movie and theater<\/div>\n\t\t\t\t\t\t\t\t\t<div id=\"elementor-tab-title-2088\" class=\"elementor-tab-title elementor-tab-desktop-title\" aria-selected=\"false\" data-tab=\"8\" role=\"tab\" tabindex=\"-1\" aria-controls=\"elementor-tab-content-2088\" aria-expanded=\"false\">Other<\/div>\n\t\t\t\t\t\t\t<\/div>\n\t\t\t<div class=\"elementor-tabs-content-wrapper\" role=\"tablist\" aria-orientation=\"vertical\">\n\t\t\t\t\t\t\t\t\t<div class=\"elementor-tab-title elementor-tab-mobile-title\" aria-selected=\"true\" data-tab=\"1\" role=\"tab\" tabindex=\"0\" aria-controls=\"elementor-tab-content-2081\" aria-expanded=\"false\">Solo<\/div>\n\t\t\t\t\t<div id=\"elementor-tab-content-2081\" class=\"elementor-tab-content elementor-clearfix\" data-tab=\"1\" role=\"tabpanel\" aria-labelledby=\"elementor-tab-title-2081\" tabindex=\"0\" hidden=\"false\"><h6><span style=\"font-family: var(--headingsfontfamily),var(--nv-fallback-ff); font-size: var(--h6fontsize); font-weight: var(--h6fontweight); letter-spacing: var(--h6letterspacing); text-transform: var(--h6texttransform); color: var( --e-global-color-cd0e6d5 );\">PIANO SOLO<\/span><\/h6><ul><li><a href=\"https:\/\/imslp.org\/wiki\/Monologues_(Du%C5%A1ek,_Jan)\" target=\"_blank\" rel=\"noreferrer noopener\"><strong>Monologues<\/strong><\/a> (2007)\u00a0<em>11&#8242;<\/em><\/li><li><strong><a href=\"https:\/\/imslp.org\/wiki\/Variations_on_a_Theme_of_Schubert_(Du%C5%A1ek,_Jan)\" target=\"_blank\" rel=\"noreferrer noopener\">Variations on a&nbsp;Theme of Schubert<\/a><\/strong> (2011)\u00a0<a href=\"https:\/\/www.youtube.com\/watch?v=EkdWOPxka8Q&amp;list=PLjOWzMB1jS_2ptXt1Bz4sHIvJi0rrwhYt&amp;index=21\" target=\"_blank\" rel=\"noopener\">VIDEO<\/a> 7&#8242;<\/li><li><strong><a href=\"https:\/\/imslp.org\/wiki\/Prague_Bells_(Du%C5%A1ek,_Jan)\" target=\"_blank\" rel=\"noreferrer noopener\">Prague Bells<\/a><\/strong> (2012) <a href=\"https:\/\/www.youtube.com\/watch?v=75-FQWx4YsU&amp;list=PLjOWzMB1jS_2ptXt1Bz4sHIvJi0rrwhYt&amp;index=22\" target=\"_blank\" rel=\"noopener\">VIDEO<\/a>\u00a0<em>7&#8242;<\/em><\/li><li><a style=\"--linkdeco: underline;\" href=\"https:\/\/imslp.org\/wiki\/Waiting_for_Dawn_(Sonata_for_piano)_(Du%C5%A1ek,_Jan)\" target=\"_blank\" rel=\"noopener\"><span style=\"font-weight: bold;\">Waiting for Dawn<\/span><\/a>\u00a0(2022) &#8211; sonata for piano (&#8220;Hommage a&nbsp;Viktor Ullmann)\u00a0<a style=\"--linkdeco: underline;\" href=\"https:\/\/youtu.be\/u8n3aB2E8RY\" target=\"_blank\" rel=\"noopener\">VIDEO<\/a>\u00a0<em>18&#8242;<\/em><\/li><li>Pour le piano (For piano) (2024) <em>6&#8242;<\/em><\/li><\/ul><h6>OTHER INSTRUMENTS<\/h6><ul><li><s><strong>Image I<\/strong>\u00a0for violin (2001)<\/s>\u00a0&#8211; lost autograph<\/li><li><a href=\"https:\/\/imslp.org\/wiki\/Image_II_for_oboe_solo_(Du%C5%A1ek,_Jan)\" target=\"_blank\" rel=\"noreferrer noopener\"><strong>Image II<\/strong>\u00a0for oboe<\/a>\u00a0(2008)\u00a0<strong>NP\u00a0<\/strong><em>7&#8242;<\/em><\/li><li><a href=\"https:\/\/imslp.org\/wiki\/Image_III_for_percussion_instruments_(Du%C5%A1ek,_Jan)\" target=\"_blank\" rel=\"noreferrer noopener\"><strong>Image III<\/strong>\u00a0for percussions<\/a> (2009) <em>6&#8242;<\/em><\/li><li><a href=\"https:\/\/imslp.org\/wiki\/Scherzo-sonata_for_Solo_Flute_(Du%C5%A1ek,_Jan)\" target=\"_blank\" rel=\"noreferrer noopener\"><strong>Scherzo-sonata<\/strong>\u00a0for solo flute<\/a> (2005) <em>7&#8242;<\/em><\/li><li><a href=\"https:\/\/imslp.org\/wiki\/Gradation_for_Organ_(Du%C5%A1ek,_Jan)\" target=\"_blank\" rel=\"noreferrer noopener\"><strong>Gradation<\/strong>\u00a0for organ<\/a> (2007) <em>9&#8242;<\/em><\/li><li><a href=\"https:\/\/imslp.org\/wiki\/Symphony_for_Organ_(Du%C5%A1ek,_Jan)\" target=\"_blank\" rel=\"noreferrer noopener\"><strong>Symphony<\/strong>\u00a0for organ<\/a> (2013) <em>20&#8242;<\/em><\/li><li><a href=\"https:\/\/www.radioteka.cz\/detail\/cronoty-802269-jan-dusek-unsent-letter-pro-klarinet\" target=\"_blank\" rel=\"noopener\"><strong>Unsent Letter<\/strong> for clarinet<\/a> (2013) <em>7&#8242;<\/em><\/li><li><b>Five Variational Preludes and Fuge<\/b> for organ (2023) <em>8&#8242;<\/em><\/li><\/ul><\/div>\n\t\t\t\t\t\t\t\t\t<div class=\"elementor-tab-title elementor-tab-mobile-title\" aria-selected=\"false\" data-tab=\"2\" role=\"tab\" tabindex=\"-1\" aria-controls=\"elementor-tab-content-2082\" aria-expanded=\"false\">Chamber<\/div>\n\t\t\t\t\t<div id=\"elementor-tab-content-2082\" class=\"elementor-tab-content elementor-clearfix\" data-tab=\"2\" role=\"tabpanel\" aria-labelledby=\"elementor-tab-title-2082\" tabindex=\"0\" hidden=\"hidden\"><ul class=\"no-bullet\"><li><strong>Ignorationes<\/strong>\u00a0(6 miniatures for percussions) (2002)\u00a0<strong>NP <\/strong><em>8&#8242;<\/em><\/li><li><strong>Sextuor<\/strong> for winds and piano (2002) <em>12&#8242;<\/em><\/li><li><strong>Comparations<\/strong> for four percussion players (2004\/5) <em>12&#8242;<\/em><\/li><li><strong>Sonata<\/strong>\u00a0for harp and piano (2005)\u00a0<strong>NP <\/strong><em>15&#8242;<\/em><\/li><li><strong>&#8230; in seven days I&nbsp;will send a&nbsp;rain on this earth &#8230;\u00a0<\/strong>for organ, two timpani players and string quartet (2005) <em>8&#8242;<\/em><\/li><li><strong>Choral<\/strong> for organ and percussions &#8220;Hommage \u00e0 Petr Eben&#8221; (2009) <em>6&#8242;<\/em><\/li><li><strong>Walkers without faces<\/strong> for flute, clarinet, viola and piano (2006) <a href=\"https:\/\/www.youtube.com\/watch?v=ssBjw2ZtAI8&amp;list=PLjOWzMB1jS_2ptXt1Bz4sHIvJi0rrwhYt&amp;index=20\" target=\"_blank\" rel=\"noopener\">VIDEO <\/a><em>7&#8242;<\/em><\/li><li><strong>Sonata<\/strong> for violin and piano (2007) <em>12&#8242;<\/em><\/li><li><strong>Sonata<\/strong> for viola and piano (2009) <em>15&#8242;<\/em><\/li><li><strong>Suite<\/strong> for plung instruments (Harp, Guitar, Harpsichord and Violoncello) <em>15&#8242;<\/em><\/li><li><strong>Eleison<\/strong>\u00a0for 8 saxophones and organ (2010)\u00a0<strong>NP <\/strong><em>8&#8242;<\/em><\/li><li><strong>Recitative and Arioso<\/strong> for bassoon and harpsichord (basso continuo) <em>8&#8242;<\/em> (2011)<\/li><li><strong>Duo concertante<\/strong> for bassoon and harpsichord (2013) <em>15&#8242;<\/em><\/li><li><strong>Meanwhile<\/strong> for clarinet and string quartet (2012) <em>6&#8242;<\/em><\/li><li><a href=\"https:\/\/imslp.org\/wiki\/Ballade_for_flute_and_piano_(Du%C5%A1ek,_Jan)\" target=\"_blank\" rel=\"noreferrer noopener\"><strong>Ballata<\/strong>\u00a0for flute and piano<\/a> (2019) <em>6&#8242;<\/em><\/li><li><strong>Daydreaming<\/strong> for clarinet and string quartet (2020) <a href=\"https:\/\/www.youtube.com\/watch?v=VTOk9jzcetw&amp;list=PLjOWzMB1jS_2ptXt1Bz4sHIvJi0rrwhYt&amp;index=1\" target=\"_blank\" rel=\"noopener\">VIDEO<\/a> <em>6&#8242;<\/em><\/li><\/ul><\/div>\n\t\t\t\t\t\t\t\t\t<div class=\"elementor-tab-title elementor-tab-mobile-title\" aria-selected=\"false\" data-tab=\"3\" role=\"tab\" tabindex=\"-1\" aria-controls=\"elementor-tab-content-2083\" aria-expanded=\"false\">Vocal<\/div>\n\t\t\t\t\t<div id=\"elementor-tab-content-2083\" class=\"elementor-tab-content elementor-clearfix\" data-tab=\"3\" role=\"tabpanel\" aria-labelledby=\"elementor-tab-title-2083\" tabindex=\"0\" hidden=\"hidden\"><h6><span style=\"font-family: var(--headingsfontfamily),var(--nv-fallback-ff); font-size: var(--h6fontsize); font-weight: var(--h6fontweight); letter-spacing: var(--h6letterspacing); text-transform: var(--h6texttransform); color: var( --e-global-color-cd0e6d5 );\">VOCAL MUSIC<\/span><\/h6><ul class=\"no-bullet\"><li><strong>Dozp\u011bv<\/strong>\u00a0cycle for soprano and mezzosoprano a&nbsp;capella (2005)\u00a0<strong>NP <\/strong><em>9&#8242;<\/em><\/li><li><strong>Five Songs on Shakespeare<\/strong> for baritone and piano (2006) <em>11&#8242;<\/em><\/li><li><strong>Chalomot jehudi&#8217;im<\/strong> for soprano, wind and string instrument and string orchestra (2008) <em>25&#8242;<\/em><\/li><\/ul><h6>CHORAL MUSIC<\/h6><ul class=\"no-bullet\"><li><strong>Four Salomon`s Songs I<\/strong> for men`s choir a&nbsp;capella (2008, rev. 2011) <em>11&#8242;<\/em><\/li><li><strong>Medardova k\u00e1p\u011b<\/strong> cycle for children`s choir and piano (2013) <a href=\"https:\/\/www.youtube.com\/watch?v=vVtNc6RbzBY&amp;list=PLjOWzMB1jS_2ptXt1Bz4sHIvJi0rrwhYt&amp;index=25\">VIDEO<\/a> <em>15&#8242;<\/em><\/li><li><strong>Zlomjaz\u00fd\u010dky<\/strong> cycle for one voice children`s choir and piano (2014\/15) <em>5&#8242;<\/em><\/li><li><strong>H\u00e1dav\u00e9 p\u00edsni\u010dky<\/strong> cycle for two voices children`s choir and piano (2014\/15) <em>5&#8242;<\/em><\/li><li><strong>Four Salomon`s Songs II<\/strong>\u00a0for mixed choir a&nbsp;capella (2015)\u00a0<strong>NP\u00a0<\/strong><a href=\"https:\/\/www.youtube.com\/watch?v=m5N5Scjpoco&amp;list=PLjOWzMB1jS_2ptXt1Bz4sHIvJi0rrwhYt&amp;index=26\" target=\"_blank\" rel=\"noopener\">VIDEO<\/a> <em>7&#8242;<\/em><\/li><\/ul><h6>Cantatas and oratorios<\/h6><ul class=\"no-bullet\"><li><strong>Apollon\u00a0<\/strong>oratorio for soprano and tenor solo, speaker, two children choirs and chamber ensemble (2013) <a href=\"https:\/\/www.youtube.com\/watch?v=0jmRu94nAVk\" target=\"_blank\" rel=\"noopener\">VIDEO<\/a> <em>45&#8242;<\/em><\/li><li><strong>Carmen ad cunas<\/strong> for mixed choir and ensemble (2018) <em>12&#8242;<\/em><\/li><li><strong>De lumine<\/strong> for girls choir a&nbsp;capella (2023) <em>5&#8242;<\/em><\/li><\/ul><\/div>\n\t\t\t\t\t\t\t\t\t<div class=\"elementor-tab-title elementor-tab-mobile-title\" aria-selected=\"false\" data-tab=\"4\" role=\"tab\" tabindex=\"-1\" aria-controls=\"elementor-tab-content-2084\" aria-expanded=\"false\">Melodramas<\/div>\n\t\t\t\t\t<div id=\"elementor-tab-content-2084\" class=\"elementor-tab-content elementor-clearfix\" data-tab=\"4\" role=\"tabpanel\" aria-labelledby=\"elementor-tab-title-2084\" tabindex=\"0\" hidden=\"hidden\"><ul class=\"no-bullet\"><li><p><strong>Confrontation<\/strong> for three reciters, flute, piano, and percussion (2018) \u2013 text by K. \u010capek (Conversations with T.G.M.) and speeches by Czech politicians 10&#8242;<\/p><\/li><li><p><strong>I\u2019m Dying of Love<\/strong> for reciter and piano (2016) \u2013 text by W. Shakespeare 6\u2018<\/p><\/li><li><p><strong>Symphonia titanica<\/strong> for reciter, strings and glockenspiel (2015) \u2013 text by Ji\u0159\u00ed \u017d\u00e1\u010dek 9\u2018<\/p><\/li><li><p><strong>Dva \u0161imlov\u00e9 (Two Horses)<\/strong> for two reciters, oboe, bassoon, and piano (2015) \u2013 text by Jind\u0159ich Plachta 6\u2018<\/p><\/li><li><p><strong>Metempsych\u00f3za (Metempsychosis)<\/strong> for two reciters and piano (2010) \u2013 text by K. Pol\u00e1\u010dek 10\u2018<\/p><i><\/i><\/li><\/ul><\/div>\n\t\t\t\t\t\t\t\t\t<div class=\"elementor-tab-title elementor-tab-mobile-title\" aria-selected=\"false\" data-tab=\"5\" role=\"tab\" tabindex=\"-1\" aria-controls=\"elementor-tab-content-2085\" aria-expanded=\"false\">Orchestral<\/div>\n\t\t\t\t\t<div id=\"elementor-tab-content-2085\" class=\"elementor-tab-content elementor-clearfix\" data-tab=\"5\" role=\"tabpanel\" aria-labelledby=\"elementor-tab-title-2085\" tabindex=\"0\" hidden=\"hidden\"><ul class=\"no-bullet\"><li><strong>Symphonietta<\/strong> for orchestra (2003) <em>15&#8242;<\/em><\/li><li><strong>Symphony &#8220;Stonehenge&#8221;<\/strong> for large orchestra (2004) <em>25&#8242;<\/em><\/li><li><strong>Little Bit of Rain in Between the Teeth<\/strong> for reciter and orchestra (2009) <em>15&#8242;<\/em><\/li><li><strong>Exlamatio muta<\/strong> for symphonic wind orchestra (2010) <em>12&#8242;<\/em><\/li><\/ul><\/div>\n\t\t\t\t\t\t\t\t\t<div class=\"elementor-tab-title elementor-tab-mobile-title\" aria-selected=\"false\" data-tab=\"6\" role=\"tab\" tabindex=\"-1\" aria-controls=\"elementor-tab-content-2086\" aria-expanded=\"false\">Concertant<\/div>\n\t\t\t\t\t<div id=\"elementor-tab-content-2086\" class=\"elementor-tab-content elementor-clearfix\" data-tab=\"6\" role=\"tabpanel\" aria-labelledby=\"elementor-tab-title-2086\" tabindex=\"0\" hidden=\"hidden\"><ul class=\"no-bullet\"><li><strong>Concertant fantasy<\/strong> for piano, marimba and orchestra (2006) <em>16&#8242;<\/em><\/li><li><strong>Concerto<\/strong> for clarinet and orchestra (2011) <em>25&#8242;<\/em><\/li><li><strong>Orbis ex Vitro.<\/strong> Concertino for celesta and chamber orchestra (2012) <a href=\"https:\/\/www.youtube.com\/watch?v=Zg1qXoajOLg&amp;list=PLjOWzMB1jS_2ptXt1Bz4sHIvJi0rrwhYt&amp;index=13\">VIDEO<\/a> <em>12&#8242;<\/em><\/li><\/ul><\/div>\n\t\t\t\t\t\t\t\t\t<div class=\"elementor-tab-title elementor-tab-mobile-title\" aria-selected=\"false\" data-tab=\"7\" role=\"tab\" tabindex=\"-1\" aria-controls=\"elementor-tab-content-2087\" aria-expanded=\"false\">Movie and theater<\/div>\n\t\t\t\t\t<div id=\"elementor-tab-content-2087\" class=\"elementor-tab-content elementor-clearfix\" data-tab=\"7\" role=\"tabpanel\" aria-labelledby=\"elementor-tab-title-2087\" tabindex=\"0\" hidden=\"hidden\"><ul class=\"no-bullet\"><li><strong>Tom\u00e1\u0161 a&nbsp;Milena\u00a0<\/strong><em>featured movie, dir. M. Bader<\/em>\u00a0(25&#8242;) (2008)<\/li><li><strong>Le ballet m\u00e9canique\u00a0<\/strong>(1924) <em>silent movie by F. Leg\u00e9ra <\/em>(11&#8242;)\u00a0(2007)<\/li><li><strong>Hungry Hearts<\/strong> (1922)\u00a0<em>silent movie by E. Masona Hopper <\/em>(80&#8242;; 50&#8242; of music)\u00a0(2009)<\/li><li><strong>Child of Ghetto <\/strong>(1910)\u00a0<em>silent movie by D. W. Griffith <\/em>(16&#8242;) (2011)<\/li><li><strong>East and West\u00a0<\/strong>\u00a0(1923)\u00a0<em>silent movie by Sidney M. Goldin and Ivana Abramson <\/em>(85&#8242;) (2012)<\/li><li><strong>Far beyond the sun\u00a0<\/strong><em>documentary movie, dir. Olga \u0160p\u00e1tov\u00e1<\/em>\u00a0(74&#8242;) (HBO, 2015)<\/li><li><strong>Skull\u00a0<\/strong><em>theatral horor, dir. M. L. \u0160najdr<\/em> (Divadlo Apropo, 2020)[:]<\/li><\/ul><\/div>\n\t\t\t\t\t\t\t\t\t<div class=\"elementor-tab-title elementor-tab-mobile-title\" aria-selected=\"false\" data-tab=\"8\" role=\"tab\" tabindex=\"-1\" aria-controls=\"elementor-tab-content-2088\" aria-expanded=\"false\">Other<\/div>\n\t\t\t\t\t<div id=\"elementor-tab-content-2088\" class=\"elementor-tab-content elementor-clearfix\" data-tab=\"8\" role=\"tabpanel\" aria-labelledby=\"elementor-tab-title-2088\" tabindex=\"0\" hidden=\"hidden\"><p><strong>Persons<\/strong> (ballet) for chamber orchestra (2008\/9) <em>25&#8242;<\/em><\/p><\/div>\n\t\t\t\t\t\t\t<\/div>\n\t\t<\/div>\n\t\t\t\t\t\t<\/div>\n\t\t\t\t<\/div>\n\t\t\t\t\t<\/div>\n\t\t<\/div>\n\t\t\t\t\t<\/div>\n\t\t<\/section>\n\t\t\t\t<\/div>\n\t\t","protected":false},"excerpt":{"rendered":"<p>Compositions Compositions The scores of the unpublished compositions are available free of charge via\u00a0IMSLP.org. Click on the composition&#8217;s&nbsp;title. Scores and parts for all works are available in printed form&hellip;&nbsp;<a href=\"https:\/\/jan-dusek.com\/en\/compositions\/\" rel=\"bookmark\">Read More &raquo;<span class=\"screen-reader-text\">Compositions<\/span><\/a><\/p>\n","protected":false},"author":3,"featured_media":0,"parent":0,"menu_order":0,"comment_status":"closed","ping_status":"closed","template":"","meta":{"neve_meta_sidebar":"","neve_meta_container":"","neve_meta_enable_content_width":"","neve_meta_content_width":0,"neve_meta_title_alignment":"","neve_meta_author_avatar":"","neve_post_elements_order":"","neve_meta_disable_header":"","neve_meta_disable_footer":"","neve_meta_disable_title":"","neve_meta_reading_time":"","_EventAllDay":false,"_EventTimezone":"","_EventStartDate":"","_EventEndDate":"","_EventStartDateUTC":"","_EventEndDateUTC":"","_EventShowMap":false,"_EventShowMapLink":false,"_EventURL":"","_EventCost":"","_EventCostDescription":"","_EventCurrencySymbol":"","_EventCurrencyCode":"","_EventCurrencyPosition":"","_EventDateTimeSeparator":"","_EventTimeRangeSeparator":"","_EventOrganizerID":[],"_EventVenueID":[],"_OrganizerEmail":"","_OrganizerPhone":"","_OrganizerWebsite":"","_VenueAddress":"","_VenueCity":"","_VenueCountry":"","_VenueProvince":"","_VenueState":"","_VenueZip":"","_VenuePhone":"","_VenueURL":"","_VenueStateProvince":"","_VenueLat":"","_VenueLng":"","_VenueShowMap":false,"_VenueShowMapLink":false,"_themeisle_gutenberg_block_has_review":false,"footnotes":""},"class_list":["post-2120","page","type-page","status-publish","hentry"],"_links":{"self":[{"href":"https:\/\/jan-dusek.com\/en\/wp-json\/wp\/v2\/pages\/2120","targetHints":{"allow":["GET"]}}],"collection":[{"href":"https:\/\/jan-dusek.com\/en\/wp-json\/wp\/v2\/pages"}],"about":[{"href":"https:\/\/jan-dusek.com\/en\/wp-json\/wp\/v2\/types\/page"}],"author":[{"embeddable":true,"href":"https:\/\/jan-dusek.com\/en\/wp-json\/wp\/v2\/users\/3"}],"replies":[{"embeddable":true,"href":"https:\/\/jan-dusek.com\/en\/wp-json\/wp\/v2\/comments?post=2120"}],"version-history":[{"count":0,"href":"https:\/\/jan-dusek.com\/en\/wp-json\/wp\/v2\/pages\/2120\/revisions"}],"wp:attachment":[{"href":"https:\/\/jan-dusek.com\/en\/wp-json\/wp\/v2\/media?parent=2120"}],"curies":[{"name":"wp","href":"https:\/\/api.w.org\/{rel}","templated":true}]}}