{"id":2397,"date":"2024-04-19T19:08:03","date_gmt":"2024-04-19T17:08:03","guid":{"rendered":"https:\/\/jan-dusek.com\/fotografie\/"},"modified":"2025-11-12T12:28:13","modified_gmt":"2025-11-12T11:28:13","slug":"photos","status":"publish","type":"page","link":"https:\/\/jan-dusek.com\/en\/photos\/","title":{"rendered":"Photos"},"content":{"rendered":"\t\t<div data-elementor-type=\"wp-page\" data-elementor-id=\"2397\" class=\"elementor elementor-2397 elementor-2384\" data-elementor-post-type=\"page\">\n\t\t\t\t\t\t<section class=\"elementor-section elementor-top-section elementor-element elementor-element-5e5ac399 elementor-section-full_width elementor-section-height-default elementor-section-height-default\" data-id=\"5e5ac399\" data-element_type=\"section\" data-e-type=\"section\">\n\t\t\t\t\t\t<div class=\"elementor-container elementor-column-gap-narrow\">\n\t\t\t\t\t<div class=\"elementor-column elementor-col-50 elementor-top-column elementor-element elementor-element-12424e4\" data-id=\"12424e4\" data-element_type=\"column\" data-e-type=\"column\">\n\t\t\t<div class=\"elementor-widget-wrap elementor-element-populated\">\n\t\t\t\t\t\t<div class=\"elementor-element elementor-element-ae6776e animated-slow elementor-hidden-desktop elementor-hidden-tablet elementor-invisible elementor-widget elementor-widget-heading\" data-id=\"ae6776e\" data-element_type=\"widget\" data-e-type=\"widget\" data-settings=\"{&quot;sticky&quot;:&quot;top&quot;,&quot;_animation&quot;:&quot;fadeInLeft&quot;,&quot;sticky_on&quot;:[&quot;desktop&quot;,&quot;tablet&quot;,&quot;mobile&quot;],&quot;sticky_offset&quot;:0,&quot;sticky_effects_offset&quot;:0,&quot;sticky_anchor_link_offset&quot;:0}\" data-widget_type=\"heading.default\">\n\t\t\t\t<div class=\"elementor-widget-container\">\n\t\t\t\t\t<h2 class=\"elementor-heading-title elementor-size-default\">Photos<\/h2>\t\t\t\t<\/div>\n\t\t\t\t<\/div>\n\t\t\t\t<div class=\"elementor-element elementor-element-f36a609 animated-slow e-transform elementor-hidden-mobile elementor-invisible elementor-widget elementor-widget-heading\" data-id=\"f36a609\" data-element_type=\"widget\" data-e-type=\"widget\" data-settings=\"{&quot;sticky&quot;:&quot;top&quot;,&quot;_animation&quot;:&quot;fadeInLeft&quot;,&quot;_transform_rotateZ_effect&quot;:{&quot;unit&quot;:&quot;px&quot;,&quot;size&quot;:90,&quot;sizes&quot;:[]},&quot;sticky_offset&quot;:150,&quot;sticky_on&quot;:[&quot;desktop&quot;,&quot;tablet&quot;,&quot;mobile&quot;],&quot;sticky_effects_offset&quot;:0,&quot;sticky_anchor_link_offset&quot;:0,&quot;_transform_rotateZ_effect_tablet&quot;:{&quot;unit&quot;:&quot;deg&quot;,&quot;size&quot;:&quot;&quot;,&quot;sizes&quot;:[]},&quot;_transform_rotateZ_effect_mobile&quot;:{&quot;unit&quot;:&quot;deg&quot;,&quot;size&quot;:&quot;&quot;,&quot;sizes&quot;:[]}}\" data-widget_type=\"heading.default\">\n\t\t\t\t<div class=\"elementor-widget-container\">\n\t\t\t\t\t<h2 class=\"elementor-heading-title elementor-size-default\">Photos<\/h2>\t\t\t\t<\/div>\n\t\t\t\t<\/div>\n\t\t\t\t\t<\/div>\n\t\t<\/div>\n\t\t\t\t<div class=\"elementor-column elementor-col-50 elementor-top-column elementor-element elementor-element-4e715ea8\" data-id=\"4e715ea8\" data-element_type=\"column\" data-e-type=\"column\">\n\t\t\t<div class=\"elementor-widget-wrap elementor-element-populated\">\n\t\t\t\t\t\t<div class=\"elementor-element elementor-element-30811cd elementor-arrows-position-outside elementor-pagination-position-outside elementor-widget elementor-widget-image-carousel\" data-id=\"30811cd\" data-element_type=\"widget\" data-e-type=\"widget\" data-settings=\"{&quot;lazyload&quot;:&quot;yes&quot;,&quot;image_spacing_custom&quot;:{&quot;unit&quot;:&quot;px&quot;,&quot;size&quot;:10,&quot;sizes&quot;:[]},&quot;image_spacing_custom_tablet&quot;:{&quot;unit&quot;:&quot;em&quot;,&quot;size&quot;:&quot;&quot;,&quot;sizes&quot;:[]},&quot;image_spacing_custom_mobile&quot;:{&quot;unit&quot;:&quot;em&quot;,&quot;size&quot;:&quot;&quot;,&quot;sizes&quot;:[]},&quot;navigation&quot;:&quot;both&quot;,&quot;autoplay&quot;:&quot;yes&quot;,&quot;pause_on_hover&quot;:&quot;yes&quot;,&quot;pause_on_interaction&quot;:&quot;yes&quot;,&quot;autoplay_speed&quot;:5000,&quot;infinite&quot;:&quot;yes&quot;,&quot;speed&quot;:500}\" data-widget_type=\"image-carousel.default\">\n\t\t\t\t<div class=\"elementor-widget-container\">\n\t\t\t\t\t\t\t<div class=\"elementor-image-carousel-wrapper swiper\" role=\"region\" aria-roledescription=\"carousel\" aria-label=\"Obr\u00e1zkov\u00fd koloto\u010d\" dir=\"ltr\">\n\t\t\t<div class=\"elementor-image-carousel swiper-wrapper\" aria-live=\"off\">\n\t\t\t\t\t\t\t\t<div class=\"swiper-slide\" role=\"group\" aria-roledescription=\"slide\" aria-label=\"1 of 12\"><a data-elementor-open-lightbox=\"yes\" data-elementor-lightbox-slideshow=\"30811cd\" data-elementor-lightbox-title=\"00013_Jan Dusek_Credit_Pavel_Kalina\" data-e-action-hash=\"#elementor-action%3Aaction%3Dlightbox%26settings%3DeyJpZCI6MjM3OSwidXJsIjoiaHR0cHM6XC9cL2phbi1kdXNlay5jb21cL3dwLWNvbnRlbnRcL3VwbG9hZHNcLzIwMjRcLzA0XC8wMDAxM19KYW4tRHVzZWtfQ3JlZGl0X1BhdmVsX0thbGluYS0xLXNjYWxlZC5qcGciLCJzbGlkZXNob3ciOiIzMDgxMWNkIn0%3D\" href=\"https:\/\/jan-dusek.com\/wp-content\/uploads\/2024\/04\/00013_Jan-Dusek_Credit_Pavel_Kalina-1-scaled.jpg\"><figure class=\"swiper-slide-inner\"><img class=\"swiper-slide-image swiper-lazy\" data-src=\"https:\/\/jan-dusek.com\/wp-content\/uploads\/2024\/04\/00013_Jan-Dusek_Credit_Pavel_Kalina-1-1024x683.jpg\" alt=\"00013_Jan Dusek_Credit_Pavel_Kalina\" \/><div class=\"swiper-lazy-preloader\"><\/div><\/figure><\/a><\/div><div class=\"swiper-slide\" role=\"group\" aria-roledescription=\"slide\" aria-label=\"2 of 12\"><a data-elementor-open-lightbox=\"yes\" data-elementor-lightbox-slideshow=\"30811cd\" data-elementor-lightbox-title=\"00012_Jan Dusek_Credit_Pavel_Kalina\" data-e-action-hash=\"#elementor-action%3Aaction%3Dlightbox%26settings%3DeyJpZCI6MjM3NywidXJsIjoiaHR0cHM6XC9cL2phbi1kdXNlay5jb21cL3dwLWNvbnRlbnRcL3VwbG9hZHNcLzIwMjRcLzA0XC8wMDAxMl9KYW4tRHVzZWtfQ3JlZGl0X1BhdmVsX0thbGluYS0xLXNjYWxlZC5qcGciLCJzbGlkZXNob3ciOiIzMDgxMWNkIn0%3D\" href=\"https:\/\/jan-dusek.com\/wp-content\/uploads\/2024\/04\/00012_Jan-Dusek_Credit_Pavel_Kalina-1-scaled.jpg\"><figure class=\"swiper-slide-inner\"><img class=\"swiper-slide-image swiper-lazy\" data-src=\"https:\/\/jan-dusek.com\/wp-content\/uploads\/2024\/04\/00012_Jan-Dusek_Credit_Pavel_Kalina-1-1024x683.jpg\" alt=\"00012_Jan Dusek_Credit_Pavel_Kalina\" \/><div class=\"swiper-lazy-preloader\"><\/div><\/figure><\/a><\/div><div class=\"swiper-slide\" role=\"group\" aria-roledescription=\"slide\" aria-label=\"3 of 12\"><a data-elementor-open-lightbox=\"yes\" data-elementor-lightbox-slideshow=\"30811cd\" data-elementor-lightbox-title=\"00011_Jan Dusek_Credit_Pavel_Kalina\" data-e-action-hash=\"#elementor-action%3Aaction%3Dlightbox%26settings%3DeyJpZCI6MjM3NSwidXJsIjoiaHR0cHM6XC9cL2phbi1kdXNlay5jb21cL3dwLWNvbnRlbnRcL3VwbG9hZHNcLzIwMjRcLzA0XC8wMDAxMV9KYW4tRHVzZWtfQ3JlZGl0X1BhdmVsX0thbGluYS0xLXNjYWxlZC5qcGciLCJzbGlkZXNob3ciOiIzMDgxMWNkIn0%3D\" href=\"https:\/\/jan-dusek.com\/wp-content\/uploads\/2024\/04\/00011_Jan-Dusek_Credit_Pavel_Kalina-1-scaled.jpg\"><figure class=\"swiper-slide-inner\"><img class=\"swiper-slide-image swiper-lazy\" data-src=\"https:\/\/jan-dusek.com\/wp-content\/uploads\/2024\/04\/00011_Jan-Dusek_Credit_Pavel_Kalina-1-1024x683.jpg\" alt=\"00011_Jan Dusek_Credit_Pavel_Kalina\" \/><div class=\"swiper-lazy-preloader\"><\/div><\/figure><\/a><\/div><div class=\"swiper-slide\" role=\"group\" aria-roledescription=\"slide\" aria-label=\"4 of 12\"><a data-elementor-open-lightbox=\"yes\" data-elementor-lightbox-slideshow=\"30811cd\" data-elementor-lightbox-title=\"00010_Jan Dusek_Credit_Pavel_Kalina\" data-e-action-hash=\"#elementor-action%3Aaction%3Dlightbox%26settings%3DeyJpZCI6MjM3MywidXJsIjoiaHR0cHM6XC9cL2phbi1kdXNlay5jb21cL3dwLWNvbnRlbnRcL3VwbG9hZHNcLzIwMjRcLzA0XC8wMDAxMF9KYW4tRHVzZWtfQ3JlZGl0X1BhdmVsX0thbGluYS0xLXNjYWxlZC5qcGciLCJzbGlkZXNob3ciOiIzMDgxMWNkIn0%3D\" href=\"https:\/\/jan-dusek.com\/wp-content\/uploads\/2024\/04\/00010_Jan-Dusek_Credit_Pavel_Kalina-1-scaled.jpg\"><figure class=\"swiper-slide-inner\"><img class=\"swiper-slide-image swiper-lazy\" data-src=\"https:\/\/jan-dusek.com\/wp-content\/uploads\/2024\/04\/00010_Jan-Dusek_Credit_Pavel_Kalina-1-683x1024.jpg\" alt=\"00010_Jan Dusek_Credit_Pavel_Kalina\" \/><div class=\"swiper-lazy-preloader\"><\/div><\/figure><\/a><\/div><div class=\"swiper-slide\" role=\"group\" aria-roledescription=\"slide\" aria-label=\"5 of 12\"><a data-elementor-open-lightbox=\"yes\" data-elementor-lightbox-slideshow=\"30811cd\" data-elementor-lightbox-title=\"00009_Jan Dusek_Credit_Pavel_Kalina\" data-e-action-hash=\"#elementor-action%3Aaction%3Dlightbox%26settings%3DeyJpZCI6MjM3MSwidXJsIjoiaHR0cHM6XC9cL2phbi1kdXNlay5jb21cL3dwLWNvbnRlbnRcL3VwbG9hZHNcLzIwMjRcLzA0XC8wMDAwOV9KYW4tRHVzZWtfQ3JlZGl0X1BhdmVsX0thbGluYS0xLXNjYWxlZC5qcGciLCJzbGlkZXNob3ciOiIzMDgxMWNkIn0%3D\" href=\"https:\/\/jan-dusek.com\/wp-content\/uploads\/2024\/04\/00009_Jan-Dusek_Credit_Pavel_Kalina-1-scaled.jpg\"><figure class=\"swiper-slide-inner\"><img class=\"swiper-slide-image swiper-lazy\" data-src=\"https:\/\/jan-dusek.com\/wp-content\/uploads\/2024\/04\/00009_Jan-Dusek_Credit_Pavel_Kalina-1-683x1024.jpg\" alt=\"00009_Jan Dusek_Credit_Pavel_Kalina\" \/><div class=\"swiper-lazy-preloader\"><\/div><\/figure><\/a><\/div><div class=\"swiper-slide\" role=\"group\" aria-roledescription=\"slide\" aria-label=\"6 of 12\"><a data-elementor-open-lightbox=\"yes\" data-elementor-lightbox-slideshow=\"30811cd\" data-elementor-lightbox-title=\"00008_Jan Dusek_Credit_Pavel_Kalina\" data-e-action-hash=\"#elementor-action%3Aaction%3Dlightbox%26settings%3DeyJpZCI6MjM2OSwidXJsIjoiaHR0cHM6XC9cL2phbi1kdXNlay5jb21cL3dwLWNvbnRlbnRcL3VwbG9hZHNcLzIwMjRcLzA0XC8wMDAwOF9KYW4tRHVzZWtfQ3JlZGl0X1BhdmVsX0thbGluYS0xLXNjYWxlZC5qcGciLCJzbGlkZXNob3ciOiIzMDgxMWNkIn0%3D\" href=\"https:\/\/jan-dusek.com\/wp-content\/uploads\/2024\/04\/00008_Jan-Dusek_Credit_Pavel_Kalina-1-scaled.jpg\"><figure class=\"swiper-slide-inner\"><img class=\"swiper-slide-image swiper-lazy\" data-src=\"https:\/\/jan-dusek.com\/wp-content\/uploads\/2024\/04\/00008_Jan-Dusek_Credit_Pavel_Kalina-1-683x1024.jpg\" alt=\"00008_Jan Dusek_Credit_Pavel_Kalina\" \/><div class=\"swiper-lazy-preloader\"><\/div><\/figure><\/a><\/div><div class=\"swiper-slide\" role=\"group\" aria-roledescription=\"slide\" aria-label=\"7 of 12\"><a data-elementor-open-lightbox=\"yes\" data-elementor-lightbox-slideshow=\"30811cd\" data-elementor-lightbox-title=\"00007_Jan Dusek_Credit_Pavel_Kalina\" data-e-action-hash=\"#elementor-action%3Aaction%3Dlightbox%26settings%3DeyJpZCI6MjM2NywidXJsIjoiaHR0cHM6XC9cL2phbi1kdXNlay5jb21cL3dwLWNvbnRlbnRcL3VwbG9hZHNcLzIwMjRcLzA0XC8wMDAwN19KYW4tRHVzZWtfQ3JlZGl0X1BhdmVsX0thbGluYS0xLXNjYWxlZC5qcGciLCJzbGlkZXNob3ciOiIzMDgxMWNkIn0%3D\" href=\"https:\/\/jan-dusek.com\/wp-content\/uploads\/2024\/04\/00007_Jan-Dusek_Credit_Pavel_Kalina-1-scaled.jpg\"><figure class=\"swiper-slide-inner\"><img class=\"swiper-slide-image swiper-lazy\" data-src=\"https:\/\/jan-dusek.com\/wp-content\/uploads\/2024\/04\/00007_Jan-Dusek_Credit_Pavel_Kalina-1-1024x683.jpg\" alt=\"00007_Jan Dusek_Credit_Pavel_Kalina\" \/><div class=\"swiper-lazy-preloader\"><\/div><\/figure><\/a><\/div><div class=\"swiper-slide\" role=\"group\" aria-roledescription=\"slide\" aria-label=\"8 of 12\"><a data-elementor-open-lightbox=\"yes\" data-elementor-lightbox-slideshow=\"30811cd\" data-elementor-lightbox-title=\"00006_Jan Dusek_Credit_Pavel_Kalina\" data-e-action-hash=\"#elementor-action%3Aaction%3Dlightbox%26settings%3DeyJpZCI6MjM2NSwidXJsIjoiaHR0cHM6XC9cL2phbi1kdXNlay5jb21cL3dwLWNvbnRlbnRcL3VwbG9hZHNcLzIwMjRcLzA0XC8wMDAwNl9KYW4tRHVzZWtfQ3JlZGl0X1BhdmVsX0thbGluYS0xLXNjYWxlZC5qcGciLCJzbGlkZXNob3ciOiIzMDgxMWNkIn0%3D\" href=\"https:\/\/jan-dusek.com\/wp-content\/uploads\/2024\/04\/00006_Jan-Dusek_Credit_Pavel_Kalina-1-scaled.jpg\"><figure class=\"swiper-slide-inner\"><img class=\"swiper-slide-image swiper-lazy\" data-src=\"https:\/\/jan-dusek.com\/wp-content\/uploads\/2024\/04\/00006_Jan-Dusek_Credit_Pavel_Kalina-1-1024x683.jpg\" alt=\"00006_Jan Dusek_Credit_Pavel_Kalina\" \/><div class=\"swiper-lazy-preloader\"><\/div><\/figure><\/a><\/div><div class=\"swiper-slide\" role=\"group\" aria-roledescription=\"slide\" aria-label=\"9 of 12\"><a data-elementor-open-lightbox=\"yes\" data-elementor-lightbox-slideshow=\"30811cd\" data-elementor-lightbox-title=\"00003_Jan Dusek_Credit_Pavel_Kalina\" data-e-action-hash=\"#elementor-action%3Aaction%3Dlightbox%26settings%3DeyJpZCI6MjM2MywidXJsIjoiaHR0cHM6XC9cL2phbi1kdXNlay5jb21cL3dwLWNvbnRlbnRcL3VwbG9hZHNcLzIwMjRcLzA0XC8wMDAwM19KYW4tRHVzZWtfQ3JlZGl0X1BhdmVsX0thbGluYS0xLXNjYWxlZC5qcGciLCJzbGlkZXNob3ciOiIzMDgxMWNkIn0%3D\" href=\"https:\/\/jan-dusek.com\/wp-content\/uploads\/2024\/04\/00003_Jan-Dusek_Credit_Pavel_Kalina-1-scaled.jpg\"><figure class=\"swiper-slide-inner\"><img class=\"swiper-slide-image swiper-lazy\" data-src=\"https:\/\/jan-dusek.com\/wp-content\/uploads\/2024\/04\/00003_Jan-Dusek_Credit_Pavel_Kalina-1-683x1024.jpg\" alt=\"00003_Jan Dusek_Credit_Pavel_Kalina\" \/><div class=\"swiper-lazy-preloader\"><\/div><\/figure><\/a><\/div><div class=\"swiper-slide\" role=\"group\" aria-roledescription=\"slide\" aria-label=\"10 of 12\"><a data-elementor-open-lightbox=\"yes\" data-elementor-lightbox-slideshow=\"30811cd\" data-elementor-lightbox-title=\"00002_Jan Dusek_Credit_Pavel_Kalina\" data-e-action-hash=\"#elementor-action%3Aaction%3Dlightbox%26settings%3DeyJpZCI6MjM2MSwidXJsIjoiaHR0cHM6XC9cL2phbi1kdXNlay5jb21cL3dwLWNvbnRlbnRcL3VwbG9hZHNcLzIwMjRcLzA0XC8wMDAwMl9KYW4tRHVzZWtfQ3JlZGl0X1BhdmVsX0thbGluYS0xLXNjYWxlZC5qcGciLCJzbGlkZXNob3ciOiIzMDgxMWNkIn0%3D\" href=\"https:\/\/jan-dusek.com\/wp-content\/uploads\/2024\/04\/00002_Jan-Dusek_Credit_Pavel_Kalina-1-scaled.jpg\"><figure class=\"swiper-slide-inner\"><img class=\"swiper-slide-image swiper-lazy\" data-src=\"https:\/\/jan-dusek.com\/wp-content\/uploads\/2024\/04\/00002_Jan-Dusek_Credit_Pavel_Kalina-1-1024x683.jpg\" alt=\"00002_Jan Dusek_Credit_Pavel_Kalina\" \/><div class=\"swiper-lazy-preloader\"><\/div><\/figure><\/a><\/div><div class=\"swiper-slide\" role=\"group\" aria-roledescription=\"slide\" aria-label=\"11 of 12\"><a data-elementor-open-lightbox=\"yes\" data-elementor-lightbox-slideshow=\"30811cd\" data-elementor-lightbox-title=\"00001_Jan Dusek_Credit_Pavel_Kalina\" data-e-action-hash=\"#elementor-action%3Aaction%3Dlightbox%26settings%3DeyJpZCI6MjM1OSwidXJsIjoiaHR0cHM6XC9cL2phbi1kdXNlay5jb21cL3dwLWNvbnRlbnRcL3VwbG9hZHNcLzIwMjRcLzA0XC8wMDAwMV9KYW4tRHVzZWtfQ3JlZGl0X1BhdmVsX0thbGluYS0xLXNjYWxlZC5qcGciLCJzbGlkZXNob3ciOiIzMDgxMWNkIn0%3D\" href=\"https:\/\/jan-dusek.com\/wp-content\/uploads\/2024\/04\/00001_Jan-Dusek_Credit_Pavel_Kalina-1-scaled.jpg\"><figure class=\"swiper-slide-inner\"><img class=\"swiper-slide-image swiper-lazy\" data-src=\"https:\/\/jan-dusek.com\/wp-content\/uploads\/2024\/04\/00001_Jan-Dusek_Credit_Pavel_Kalina-1-1024x683.jpg\" alt=\"00001_Jan Dusek_Credit_Pavel_Kalina\" \/><div class=\"swiper-lazy-preloader\"><\/div><\/figure><\/a><\/div><div class=\"swiper-slide\" role=\"group\" aria-roledescription=\"slide\" aria-label=\"12 of 12\"><a data-elementor-open-lightbox=\"yes\" data-elementor-lightbox-slideshow=\"30811cd\" data-elementor-lightbox-title=\"_DHP8807-Edit\" data-e-action-hash=\"#elementor-action%3Aaction%3Dlightbox%26settings%3DeyJpZCI6MjA4NiwidXJsIjoiaHR0cHM6XC9cL2phbi1kdXNlay5jb21cL3dwLWNvbnRlbnRcL3VwbG9hZHNcLzIwMjFcLzAzXC9ESFA4ODA3LUVkaXQtMS5qcGciLCJzbGlkZXNob3ciOiIzMDgxMWNkIn0%3D\" href=\"https:\/\/jan-dusek.com\/wp-content\/uploads\/2021\/03\/DHP8807-Edit-1.jpg\"><figure class=\"swiper-slide-inner\"><img class=\"swiper-slide-image swiper-lazy\" data-src=\"https:\/\/jan-dusek.com\/wp-content\/uploads\/2021\/03\/DHP8807-Edit-1-1024x684.jpg\" alt=\"_DHP8807-Edit\" \/><div class=\"swiper-lazy-preloader\"><\/div><\/figure><\/a><\/div>\t\t\t<\/div>\n\t\t\t\t\t\t\t\t\t\t\t\t<div class=\"elementor-swiper-button elementor-swiper-button-prev\" role=\"button\" tabindex=\"0\">\n\t\t\t\t\t\t<i aria-hidden=\"true\" class=\"eicon-chevron-left\"><\/i>\t\t\t\t\t<\/div>\n\t\t\t\t\t<div class=\"elementor-swiper-button elementor-swiper-button-next\" role=\"button\" tabindex=\"0\">\n\t\t\t\t\t\t<i aria-hidden=\"true\" class=\"eicon-chevron-right\"><\/i>\t\t\t\t\t<\/div>\n\t\t\t\t\n\t\t\t\t\t\t\t\t\t<div class=\"swiper-pagination\"><\/div>\n\t\t\t\t\t\t\t\t\t<\/div>\n\t\t\t\t\t\t<\/div>\n\t\t\t\t<\/div>\n\t\t\t\t<div class=\"elementor-element elementor-element-b516d03 elementor-align-right elementor-widget elementor-widget-button\" data-id=\"b516d03\" data-element_type=\"widget\" data-e-type=\"widget\" data-widget_type=\"button.default\">\n\t\t\t\t<div class=\"elementor-widget-container\">\n\t\t\t\t\t\t\t\t\t<div class=\"elementor-button-wrapper\">\n\t\t\t\t\t<a class=\"elementor-button elementor-button-link elementor-size-sm\" href=\"https:\/\/jan-dusek.com\/wp-content\/uploads\/2024\/04\/Jan-Dusek_foto.zip\">\n\t\t\t\t\t\t<span class=\"elementor-button-content-wrapper\">\n\t\t\t\t\t\t<span class=\"elementor-button-icon\">\n\t\t\t\t<i aria-hidden=\"true\" class=\"fas fa-download\"><\/i>\t\t\t<\/span>\n\t\t\t\t\t\t\t\t\t<span class=\"elementor-button-text\">Download photos in print quality<\/span>\n\t\t\t\t\t<\/span>\n\t\t\t\t\t<\/a>\n\t\t\t\t<\/div>\n\t\t\t\t\t\t\t\t<\/div>\n\t\t\t\t<\/div>\n\t\t\t\t\t<\/div>\n\t\t<\/div>\n\t\t\t\t\t<\/div>\n\t\t<\/section>\n\t\t\t\t<\/div>\n\t\t","protected":false},"excerpt":{"rendered":"<p>Photos Photos Download photos in print quality<\/p>\n","protected":false},"author":3,"featured_media":0,"parent":0,"menu_order":0,"comment_status":"closed","ping_status":"closed","template":"","meta":{"neve_meta_sidebar":"","neve_meta_container":"","neve_meta_enable_content_width":"","neve_meta_content_width":0,"neve_meta_title_alignment":"","neve_meta_author_avatar":"","neve_post_elements_order":"","neve_meta_disable_header":"","neve_meta_disable_footer":"","neve_meta_disable_title":"","neve_meta_reading_time":"","_EventAllDay":false,"_EventTimezone":"","_EventStartDate":"","_EventEndDate":"","_EventStartDateUTC":"","_EventEndDateUTC":"","_EventShowMap":false,"_EventShowMapLink":false,"_EventURL":"","_EventCost":"","_EventCostDescription":"","_EventCurrencySymbol":"","_EventCurrencyCode":"","_EventCurrencyPosition":"","_EventDateTimeSeparator":"","_EventTimeRangeSeparator":"","_EventOrganizerID":[],"_EventVenueID":[],"_OrganizerEmail":"","_OrganizerPhone":"","_OrganizerWebsite":"","_VenueAddress":"","_VenueCity":"","_VenueCountry":"","_VenueProvince":"","_VenueState":"","_VenueZip":"","_VenuePhone":"","_VenueURL":"","_VenueStateProvince":"","_VenueLat":"","_VenueLng":"","_VenueShowMap":false,"_VenueShowMapLink":false,"_themeisle_gutenberg_block_has_review":false,"footnotes":""},"class_list":["post-2397","page","type-page","status-publish","hentry"],"_links":{"self":[{"href":"https:\/\/jan-dusek.com\/en\/wp-json\/wp\/v2\/pages\/2397","targetHints":{"allow":["GET"]}}],"collection":[{"href":"https:\/\/jan-dusek.com\/en\/wp-json\/wp\/v2\/pages"}],"about":[{"href":"https:\/\/jan-dusek.com\/en\/wp-json\/wp\/v2\/types\/page"}],"author":[{"embeddable":true,"href":"https:\/\/jan-dusek.com\/en\/wp-json\/wp\/v2\/users\/3"}],"replies":[{"embeddable":true,"href":"https:\/\/jan-dusek.com\/en\/wp-json\/wp\/v2\/comments?post=2397"}],"version-history":[{"count":0,"href":"https:\/\/jan-dusek.com\/en\/wp-json\/wp\/v2\/pages\/2397\/revisions"}],"wp:attachment":[{"href":"https:\/\/jan-dusek.com\/en\/wp-json\/wp\/v2\/media?parent=2397"}],"curies":[{"name":"wp","href":"https:\/\/api.w.org\/{rel}","templated":true}]}}